{"id":419,"date":"2025-02-24T18:38:25","date_gmt":"2025-02-24T16:38:25","guid":{"rendered":"https:\/\/theinnerjourneyacademy.com\/?post_type=product&#038;p=419"},"modified":"2025-12-05T17:04:19","modified_gmt":"2025-12-05T15:04:19","slug":"calatoria-interioara-varianta-digitala","status":"publish","type":"product","link":"https:\/\/theinnerjourneyacademy.com\/ro\/produs\/calatoria-interioara-varianta-digitala\/","title":{"rendered":"C\u0103l\u0103toria interioar\u0103 &#8211; varianta digital\u0103"},"content":{"rendered":"<p>\u0218tiu c\u0103 valurile vie\u021bii te poart\u0103, a\u0219a cum ne poart\u0103 pe to\u021bi, prin nenum\u0103rate \u00eencerc\u0103ri, unele mai provocatoare dec\u00e2t altele. \u00cens\u0103 vreau s\u0103 te asigur c\u0103 nu e\u0219ti singur; aceast\u0103 carte poate deveni farul c\u0103l\u0103uzitor de care ai nevoie.<\/p>","protected":false},"excerpt":{"rendered":"<p>\u0218tiu c\u0103 valurile vie\u021bii te poart\u0103, a\u0219a cum ne poart\u0103 pe to\u021bi, prin nenum\u0103rate \u00eencerc\u0103ri, unele mai provocatoare dec\u00e2t altele. \u00cens\u0103 vreau s\u0103 te asigur c\u0103 nu e\u0219ti singur; aceast\u0103 carte poate deveni farul c\u0103l\u0103uzitor de care ai nevoie.<\/p>","protected":false},"featured_media":158,"comment_status":"open","ping_status":"closed","template":"","meta":{"_acf_changed":false,"_kad_blocks_custom_css":"","_kad_blocks_head_custom_js":"","_kad_blocks_body_custom_js":"","_kad_blocks_footer_custom_js":"","_kad_post_transparent":"default","_kad_post_title":"","_kad_post_layout":"default","_kad_post_sidebar_id":"","_kad_post_content_style":"default","_kad_post_vertical_padding":"default","_kad_post_feature":"","_kad_post_feature_position":"","_kad_post_header":false,"_kad_post_footer":false},"product_brand":[],"product_cat":[37],"product_tag":[],"class_list":{"0":"post-419","1":"product","2":"type-product","3":"status-publish","4":"has-post-thumbnail","6":"product_cat-carti","8":"first","9":"instock","10":"sale","11":"downloadable","12":"virtual","13":"purchasable","14":"product-type-simple","15":"entry","16":"content-bg","17":"loop-entry"},"acf":[],"taxonomy_info":{"product_cat":[{"value":37,"label":"C\u0103r\u021bi"}]},"featured_image_src_large":["https:\/\/theinnerjourneyacademy.com\/wp-content\/uploads\/2024\/11\/WhatsApp-Image-2024-08-28-at-16.18.49-1024x1024.jpeg",1024,1024,true],"author_info":[],"comment_info":1,"_links":{"self":[{"href":"https:\/\/theinnerjourneyacademy.com\/ro\/wp-json\/wp\/v2\/product\/419","targetHints":{"allow":["GET"]}}],"collection":[{"href":"https:\/\/theinnerjourneyacademy.com\/ro\/wp-json\/wp\/v2\/product"}],"about":[{"href":"https:\/\/theinnerjourneyacademy.com\/ro\/wp-json\/wp\/v2\/types\/product"}],"replies":[{"embeddable":true,"href":"https:\/\/theinnerjourneyacademy.com\/ro\/wp-json\/wp\/v2\/comments?post=419"}],"wp:featuredmedia":[{"embeddable":true,"href":"https:\/\/theinnerjourneyacademy.com\/ro\/wp-json\/wp\/v2\/media\/158"}],"wp:attachment":[{"href":"https:\/\/theinnerjourneyacademy.com\/ro\/wp-json\/wp\/v2\/media?parent=419"}],"wp:term":[{"taxonomy":"product_brand","embeddable":true,"href":"https:\/\/theinnerjourneyacademy.com\/ro\/wp-json\/wp\/v2\/product_brand?post=419"},{"taxonomy":"product_cat","embeddable":true,"href":"https:\/\/theinnerjourneyacademy.com\/ro\/wp-json\/wp\/v2\/product_cat?post=419"},{"taxonomy":"product_tag","embeddable":true,"href":"https:\/\/theinnerjourneyacademy.com\/ro\/wp-json\/wp\/v2\/product_tag?post=419"}],"curies":[{"name":"wp","href":"https:\/\/api.w.org\/{rel}","templated":true}]}}