{"id":334,"date":"2024-11-12T17:09:06","date_gmt":"2024-11-12T15:09:06","guid":{"rendered":"https:\/\/theinnerjourneyacademy.com\/product\/codul-stralucirii-o-calatorie-numerologica-catre-autocunoastere-si-descoperirea-potentialului-ascuns\/"},"modified":"2025-05-15T19:31:00","modified_gmt":"2025-05-15T16:31:00","slug":"codul-stralucirii-o-calatorie-numerologica-catre-autocunoastere-si-descoperirea-potentialului-ascuns","status":"publish","type":"product","link":"https:\/\/theinnerjourneyacademy.com\/ro\/produs\/codul-stralucirii-o-calatorie-numerologica-catre-autocunoastere-si-descoperirea-potentialului-ascuns\/","title":{"rendered":"Codul Str\u0103lucirii \u2013 o c\u0103l\u0103torie numerologic\u0103 c\u0103tre autocunoa\u0219tere \u0219i descoperirea poten\u021bialului ascuns"},"content":{"rendered":"<p>Acest curs de numerologie este conceput s\u0103 te conduc\u0103 pe un drum de autocunoa\u0219tere profund\u0103 \u0219i s\u0103-\u021bi ofere instrumentele necesare pentru a-\u021bi \u00een\u021belege \u0219i folosi la maximum poten\u021bialul unic. Prin fiecare modul, vei \u00eenv\u0103\u021ba cum s\u0103 \u00ee\u021bi construie\u0219ti harta personal\u0103, descoperind secretele numerologiei \u0219i cum \u00ee\u021bi pot transforma acestea via\u021ba. Vei g\u0103si inspira\u021bie, claritate \u0219i o nou\u0103 viziune asupra a cine e\u0219ti \u0219i ce po\u021bi deveni.<\/p>","protected":false},"excerpt":{"rendered":"<p>Acest curs de numerologie este conceput s\u0103 te conduc\u0103 pe un drum de autocunoa\u0219tere profund\u0103 \u0219i s\u0103-\u021bi ofere instrumentele necesare pentru a-\u021bi \u00een\u021belege \u0219i folosi la maximum poten\u021bialul unic. Prin fiecare modul, vei \u00eenv\u0103\u021ba cum s\u0103 \u00ee\u021bi construie\u0219ti harta personal\u0103, descoperind secretele numerologiei \u0219i cum \u00ee\u021bi pot transforma acestea via\u021ba. Vei g\u0103si inspira\u021bie, claritate \u0219i o nou\u0103 viziune asupra a cine e\u0219ti \u0219i ce po\u021bi deveni.<\/p>","protected":false},"featured_media":485,"comment_status":"open","ping_status":"closed","template":"","meta":{"_acf_changed":false,"_kad_blocks_custom_css":"","_kad_blocks_head_custom_js":"","_kad_blocks_body_custom_js":"","_kad_blocks_footer_custom_js":"","_kad_post_transparent":"default","_kad_post_title":"","_kad_post_layout":"default","_kad_post_sidebar_id":"","_kad_post_content_style":"default","_kad_post_vertical_padding":"default","_kad_post_feature":"","_kad_post_feature_position":"","_kad_post_header":false,"_kad_post_footer":false},"product_brand":[],"product_cat":[35],"product_tag":[],"class_list":{"0":"post-334","1":"product","2":"type-product","3":"status-publish","4":"has-post-thumbnail","6":"product_cat-cursuri","8":"first","9":"instock","10":"downloadable","11":"virtual","12":"purchasable","13":"product-type-simple","14":"entry","15":"content-bg","16":"loop-entry"},"acf":[],"taxonomy_info":{"product_cat":[{"value":35,"label":"Cursuri"}]},"featured_image_src_large":["https:\/\/theinnerjourneyacademy.com\/wp-content\/uploads\/2025\/03\/Loredana.jpeg",592,957,false],"author_info":[],"comment_info":6,"_links":{"self":[{"href":"https:\/\/theinnerjourneyacademy.com\/ro\/wp-json\/wp\/v2\/product\/334","targetHints":{"allow":["GET"]}}],"collection":[{"href":"https:\/\/theinnerjourneyacademy.com\/ro\/wp-json\/wp\/v2\/product"}],"about":[{"href":"https:\/\/theinnerjourneyacademy.com\/ro\/wp-json\/wp\/v2\/types\/product"}],"replies":[{"embeddable":true,"href":"https:\/\/theinnerjourneyacademy.com\/ro\/wp-json\/wp\/v2\/comments?post=334"}],"wp:featuredmedia":[{"embeddable":true,"href":"https:\/\/theinnerjourneyacademy.com\/ro\/wp-json\/wp\/v2\/media\/485"}],"wp:attachment":[{"href":"https:\/\/theinnerjourneyacademy.com\/ro\/wp-json\/wp\/v2\/media?parent=334"}],"wp:term":[{"taxonomy":"product_brand","embeddable":true,"href":"https:\/\/theinnerjourneyacademy.com\/ro\/wp-json\/wp\/v2\/product_brand?post=334"},{"taxonomy":"product_cat","embeddable":true,"href":"https:\/\/theinnerjourneyacademy.com\/ro\/wp-json\/wp\/v2\/product_cat?post=334"},{"taxonomy":"product_tag","embeddable":true,"href":"https:\/\/theinnerjourneyacademy.com\/ro\/wp-json\/wp\/v2\/product_tag?post=334"}],"curies":[{"name":"wp","href":"https:\/\/api.w.org\/{rel}","templated":true}]}}