{"id":1050,"date":"2025-07-04T17:59:05","date_gmt":"2025-07-04T14:59:05","guid":{"rendered":"https:\/\/theinnerjourneyacademy.com\/?post_type=product&#038;p=1050"},"modified":"2025-12-05T17:03:48","modified_gmt":"2025-12-05T15:03:48","slug":"calatoria-interioara-audiobook","status":"publish","type":"product","link":"https:\/\/theinnerjourneyacademy.com\/ro\/produs\/calatoria-interioara-audiobook\/","title":{"rendered":"C\u0103l\u0103toria Interioara &#8211; Audiobook"},"content":{"rendered":"<p>Descoper\u0103 cum s\u0103-\u021bi deblochezi poten\u021bialul nelimitat, s\u0103-\u021bi st\u0103p\u00e2ne\u0219ti emo\u021biile \u0219i s\u0103-\u021bi crezi via\u021ba visurilor tale \u00een doar 10 pa\u0219i transformatori.<\/p>","protected":false},"excerpt":{"rendered":"<p>Descoper\u0103 cum s\u0103-\u021bi deblochezi poten\u021bialul nelimitat, s\u0103-\u021bi st\u0103p\u00e2ne\u0219ti emo\u021biile \u0219i s\u0103-\u021bi crezi via\u021ba visurilor tale \u00een doar 10 pa\u0219i transformatori.<\/p>","protected":false},"featured_media":161,"comment_status":"open","ping_status":"closed","template":"","meta":{"_acf_changed":false,"_kad_blocks_custom_css":"","_kad_blocks_head_custom_js":"","_kad_blocks_body_custom_js":"","_kad_blocks_footer_custom_js":"","_kad_post_transparent":"default","_kad_post_title":"","_kad_post_layout":"default","_kad_post_sidebar_id":"","_kad_post_content_style":"default","_kad_post_vertical_padding":"default","_kad_post_feature":"","_kad_post_feature_position":"","_kad_post_header":false,"_kad_post_footer":false},"product_brand":[],"product_cat":[38],"product_tag":[],"class_list":{"0":"post-1050","1":"product","2":"type-product","3":"status-publish","4":"has-post-thumbnail","6":"product_cat-audiobook","8":"first","9":"instock","10":"sale","11":"virtual","12":"purchasable","13":"product-type-simple","14":"entry","15":"content-bg","16":"loop-entry"},"acf":[],"taxonomy_info":{"product_cat":[{"value":38,"label":"Audiobook"}]},"featured_image_src_large":["https:\/\/theinnerjourneyacademy.com\/wp-content\/uploads\/2024\/11\/WhatsApp-Image-2024-08-15-at-15.14.50-741x1024.jpg",741,1024,true],"author_info":[],"comment_info":0,"_links":{"self":[{"href":"https:\/\/theinnerjourneyacademy.com\/ro\/wp-json\/wp\/v2\/product\/1050","targetHints":{"allow":["GET"]}}],"collection":[{"href":"https:\/\/theinnerjourneyacademy.com\/ro\/wp-json\/wp\/v2\/product"}],"about":[{"href":"https:\/\/theinnerjourneyacademy.com\/ro\/wp-json\/wp\/v2\/types\/product"}],"replies":[{"embeddable":true,"href":"https:\/\/theinnerjourneyacademy.com\/ro\/wp-json\/wp\/v2\/comments?post=1050"}],"wp:featuredmedia":[{"embeddable":true,"href":"https:\/\/theinnerjourneyacademy.com\/ro\/wp-json\/wp\/v2\/media\/161"}],"wp:attachment":[{"href":"https:\/\/theinnerjourneyacademy.com\/ro\/wp-json\/wp\/v2\/media?parent=1050"}],"wp:term":[{"taxonomy":"product_brand","embeddable":true,"href":"https:\/\/theinnerjourneyacademy.com\/ro\/wp-json\/wp\/v2\/product_brand?post=1050"},{"taxonomy":"product_cat","embeddable":true,"href":"https:\/\/theinnerjourneyacademy.com\/ro\/wp-json\/wp\/v2\/product_cat?post=1050"},{"taxonomy":"product_tag","embeddable":true,"href":"https:\/\/theinnerjourneyacademy.com\/ro\/wp-json\/wp\/v2\/product_tag?post=1050"}],"curies":[{"name":"wp","href":"https:\/\/api.w.org\/{rel}","templated":true}]}}