{"id":98,"date":"2024-05-29T14:23:13","date_gmt":"2024-05-29T11:23:13","guid":{"rendered":"https:\/\/theinnerjourneyacademy.com\/?page_id=98"},"modified":"2024-05-29T14:23:13","modified_gmt":"2024-05-29T11:23:13","slug":"politica-de-utilizare-cookie-uri","status":"publish","type":"page","link":"https:\/\/theinnerjourneyacademy.com\/ro\/politica-de-utilizare-cookie-uri\/","title":{"rendered":"Politica de utilizare cookie-uri"},"content":{"rendered":"<style>.kb-row-layout-id98_004cff-d2 > .kt-row-column-wrap{align-content:start;}:where(.kb-row-layout-id98_004cff-d2 > .kt-row-column-wrap) > .wp-block-kadence-column{justify-content:start;}.kb-row-layout-id98_004cff-d2 > .kt-row-column-wrap{column-gap:var(--global-kb-gap-md, 2rem);row-gap:var(--global-kb-gap-md, 2rem);max-width:var( --global-content-width, 1290px );padding-left:var(--global-content-edge-padding);padding-right:var(--global-content-edge-padding);padding-top:var(--global-kb-spacing-sm, 1.5rem);padding-bottom:var(--global-kb-spacing-sm, 1.5rem);grid-template-columns:minmax(0, 1fr);}.kb-row-layout-id98_004cff-d2 > .kt-row-layout-overlay{opacity:0.30;}@media all and (max-width: 1024px){.kb-row-layout-id98_004cff-d2 > .kt-row-column-wrap{grid-template-columns:minmax(0, 1fr);}}@media all and (max-width: 767px){.kb-row-layout-id98_004cff-d2 > .kt-row-column-wrap{grid-template-columns:minmax(0, 1fr);}}<\/style><div class=\"kb-row-layout-wrap kb-row-layout-id98_004cff-d2 alignnone wp-block-kadence-rowlayout\"><div class=\"kt-row-column-wrap kt-has-1-columns kt-row-layout-equal kt-tab-layout-inherit kt-mobile-layout-row kt-row-valign-top kb-theme-content-width\">\n<style>.kadence-column98_3cac96-16 > .kt-inside-inner-col,.kadence-column98_3cac96-16 > .kt-inside-inner-col:before{border-top-left-radius:0px;border-top-right-radius:0px;border-bottom-right-radius:0px;border-bottom-left-radius:0px;}.kadence-column98_3cac96-16 > .kt-inside-inner-col{column-gap:var(--global-kb-gap-sm, 1rem);}.kadence-column98_3cac96-16 > .kt-inside-inner-col{flex-direction:column;}.kadence-column98_3cac96-16 > .kt-inside-inner-col > .aligncenter{width:100%;}.kadence-column98_3cac96-16 > .kt-inside-inner-col:before{opacity:0.3;}.kadence-column98_3cac96-16{position:relative;}@media all and (max-width: 1024px){.kadence-column98_3cac96-16 > .kt-inside-inner-col{flex-direction:column;justify-content:center;}}@media all and (max-width: 767px){.kadence-column98_3cac96-16 > .kt-inside-inner-col{flex-direction:column;justify-content:center;}}<\/style>\n<div class=\"wp-block-kadence-column kadence-column98_3cac96-16\"><div class=\"kt-inside-inner-col\"><style>.wp-block-kadence-advancedheading.kt-adv-heading98_93f0cb-05, .wp-block-kadence-advancedheading.kt-adv-heading98_93f0cb-05[data-kb-block=\"kb-adv-heading98_93f0cb-05\"]{font-style:normal;}.wp-block-kadence-advancedheading.kt-adv-heading98_93f0cb-05 mark.kt-highlight, .wp-block-kadence-advancedheading.kt-adv-heading98_93f0cb-05[data-kb-block=\"kb-adv-heading98_93f0cb-05\"] mark.kt-highlight{font-style:normal;color:#f76a0c;-webkit-box-decoration-break:clone;box-decoration-break:clone;padding-top:0px;padding-right:0px;padding-bottom:0px;padding-left:0px;}<\/style>\n<h2 class=\"kt-adv-heading98_93f0cb-05 wp-block-kadence-advancedheading\" data-kb-block=\"kb-adv-heading98_93f0cb-05\">Politica de utilizare cookie-uri<\/h2>\n\n\n\n<p><\/p>\n\n\n\n<p>1. Ce sunt \u201ecookie-urile\u201d?<\/p>\n\n\n\n<p>Cookie-urile sunt mici fragmente de date, fi\u0219iere text, care sunt stocate pe calculator sau pe alte dispozitive c\u00e2nd siturile web sunt \u00eenc\u0103rcate \u00eentr-un navigator. Acestea sunt folosite pe scar\u0103 mare pentru a \u201e\u021bine minte\u201d vizitatorii \u0219i preferin\u021bele lor, fie pentru o singur\u0103 vizit\u0103 (printr-un \u201ecookie de sesiune\u201d) ori fie pentru mai multe vizite repetate (folosind un \u201ecookie persistent\u201d). Cookie-urile asigur\u0103 o experien\u021b\u0103 pl\u0103cut\u0103, consistent\u0103 \u0219i eficient\u0103 pentru vizitatori \u0219i \u00eendeplinesc func\u021bii esen\u021biale, de exemplu permit utilizatorilor s\u0103 se \u00eenregistreze \u0219i s\u0103 r\u0103m\u00e2n\u0103 autentifica\u021bi. Ele pot fi setate de c\u0103tre situl pe care \u00eel vizitezi (cunoscute sub numele de \u201ecookie-uri primare\u201d) sau de c\u0103tre p\u0103r\u021bi ter\u021be, cum ar fi cele care servesc con\u021binut sau furnizeaz\u0103 servicii de publicitate ori analitice pe situl web (\u201ecookie-uri ter\u021be\u201d).<\/p>\n\n\n\n<p>2. De ce folosim \u201ecookie-uri\u201d?<\/p>\n\n\n\n<p>Utiliz\u0103m \u201ecookie\u201d-uri pentru a furniza utilizatorilor acestei pagini de internet o experien\u021b\u0103 mai bun\u0103 de navigare \u0219i servicii adaptate nevoilor \u0219i interesului acestora, pentru analize statistice cu privire la modul \u00een care este utilizat\u0103 pagina de internet, \u00een scopul \u00eembun\u0103t\u0103\u021birii site-ului. Unele cookie-uri sunt necesare din motive tehnice; unele permit o experien\u021b\u0103 personalizat\u0103 at\u00e2t pentru vizitatori c\u00e2t \u0219i pentru utilizatorii \u00eenregistra\u021bi; altele permit afi\u0219area reclamelor din diverse re\u021bele ter\u021be selectate. Unele dintre aceste cookie-uri pot fi setate c\u00e2nd o pagin\u0103 este \u00eenc\u0103rcat\u0103 sau c\u00e2nd un vizitator execut\u0103 o anumit\u0103 ac\u021biune<\/p>\n\n\n\n<p>3. Ce \u201ecookie-uri\u201d folosim?<\/p>\n\n\n\n<p>Mai jos sunt prezentate diverse categorii de cookie-uri setate de site, cu exemple specifice, detaliate, \u00een tabelele care urmeaz\u0103. Ele includ numele \u0219i scopul lor. Anumite cookie-uri sunt setate numai pentru vizitatorii autentifica\u021bi, \u00een timp ce altele sunt setate pentru to\u021bi vizitatorii, iar acestea sunt marcate mai jos ca atare. Dac\u0103 cookie-urile se aplic\u0103 numai unor anumite subdomenii, ele sunt incluse \u00een antetul corespunz\u0103tor.<\/p>\n\n\n\n<p>Strict necesare: Acestea sunt cookie-uri care sunt esen\u021biale pentru site-ul s\u0103-\u0219i \u00eendeplineasc\u0103 func\u021biile de baz\u0103. Ele includ cookie-urile necesare care permit utilizatorilor \u00eenregistra\u021bi s\u0103 autentifice \u0219i s\u0103 execute func\u021bii legate de cont.<\/p>\n\n\n\n<p>Func\u021bionalitate: Aceste cookie-uri sunt folosite pentru a stoca preferin\u021bele setate de utilizatori, cum ar fi nume cont, limb\u0103 \u0219i loca\u021bie.<\/p>\n\n\n\n<p>Performan\u021b\u0103: Cookie-urile de performan\u021b\u0103 colecteaz\u0103 informa\u021bii despre cum interac\u021bioneaz\u0103 utilizatorii cu siturile noastre web g\u0103zduite pe site, inclusiv care pagini sunt cele mai vizitate, precum \u0219i cu alte date analitice. Aceste detalii sunt folosite numai pentru a \u00eembun\u0103t\u0103\u021bi func\u021bionarea sitului web.<\/p>\n\n\n\n<p>Urm\u0103rire: Acestea sunt setate de re\u021belele unor p\u0103r\u021bi ter\u021be de \u00eencredere (de exemplu, Google Analytics) pentru a urm\u0103ri detalii, cum ar fi num\u0103rul de vizitatori unici \u0219i afi\u0219\u0103rile de pagini, care s\u0103 ajute la \u00eembun\u0103t\u0103\u021birea experien\u021bei utilizatorului.<\/p>\n\n\n\n<p>Con\u021binut de la ter\u021bi\/\u00eenglobat: Site-ul nostru folose\u0219te diverse aplica\u021bii \u0219i servicii ale unor p\u0103r\u021bi ter\u021be pentru a \u00eembun\u0103t\u0103\u021bi experien\u021ba vizitatorilor pe sitului web. Acestea includ platforme de media social\u0103, cum ar fi Facebook \u0219i Twitter (prin folosirea butoanelor de partajare) sau con\u021binut \u00eenglobat de pe Youtube \u0219i Vimeo. Prin urmare, cookie-urile pot fi setate \u0219i folosite de aceste p\u0103r\u021bi ter\u021be pentru a-\u021bi urm\u0103ri activitatea online. Nu avem control direct asupra informa\u021biilor care sunt colectate prin aceste cookie-uri.<\/p>\n\n\n\n<p>4. Cum pute\u021bi controla sau dezactiva \u201ecookie-urile\u201d?<\/p>\n\n\n\n<p>Ar trebui s\u0103 \u0219ti\u021bi c\u0103, odat\u0103 cu \u0219tergerea \u201ecookie-urilor\u201d, toate preferin\u021bele \u0219i set\u0103rile referitoare la pagina web vor fi \u0219terse. De asemenea, unele pagini web nu vor mai func\u021biona corespunz\u0103tor sau unele func\u021bii vor disp\u0103rea \u00een cazul elimin\u0103rii \u201ecookie\u201d-urilor.&nbsp;<\/p>\n\n\n\n<p>Din aceste motive nu recoman\u0103m, optarea respingerii \u201ecookie-urilor\u201d atunci c\u00e2nd vizita\u021bi pagina noastr\u0103 web.&nbsp;<\/p>\n\n\n\n<p>Dac\u0103 totu\u0219i dori\u021bi pute\u021bi s\u0103 restric\u021biona\u021bi folosirea cookie-urilor sau \u00eempiedicarea set\u0103rii acestora. Majoritatea navigatoarelor ofer\u0103 modalit\u0103\u021bi de a controla comportamentul cookie-urilor, cum ar fi perioada de timp pentru care sunt stocate \u2014 fie printr-o func\u021bionalitate nativ\u0103 ori fie prin folosirea unor module de la p\u0103r\u021bi ter\u021be.<\/p>\n\n\n\n<p>Pentru a afla mai multe despre cum s\u0103 administrezi \u0219i s\u0103 \u0219tergi cookie-urile, viziteaz\u0103 aboutcookies.org. Pentru mai multe detalii despre cookie-urile de publicitate \u0219i despre cum s\u0103 le administrezi, viziteaz\u0103 youronlinechoices.eu (pentru EU) sau aboutads.info (pentru SUA).<\/p>\n\n\n\n<p>Aici este disponibil un program specific de renun\u021bare:<\/p>\n\n\n\n<p>Google Analytics \u2013 https:\/\/tools.google.com\/dlpage\/gaoptout<\/p>\n\n\n\n<p>5. Securitate \u0219i probleme legate de confidentialitate<\/p>\n\n\n\n<p>\u00cen general browserele au integrate set\u0103ri de confiden\u021bialitate care furnizeaz\u0103 diferite niveluri de acceptare a cookie-urilor, perioada de valabilitate \u0219i \u0219tergere automat\u0103 dup\u0103 ce utilizatorul a vizitat un anumit site.<\/p>\n\n\n\n<p>Alte aspecte de securitate legate de cookie-uri:<\/p>\n\n\n\n<p>Particularizarea set\u0103rilor browserului \u00een ceea ce prive\u0219te cookie-urile pentru a reflecta un nivel confortabil pentru dumneavoastr\u0103 al securit\u0103\u021bii utiliz\u0103rii cookie-urilor.<\/p>\n\n\n\n<p>Dac\u0103 sunte\u021bi singura persoan\u0103 care utilizeaz\u0103 computerul, pute\u021bi seta, dac\u0103 dori\u021bi, termene lungi de expirare pentru stocarea istoricului de navigare \u0219i a datelor personale de acces.<\/p>\n\n\n\n<p>Dac\u0103 \u00eemp\u0103r\u021bi\u021bi accesul la calculator, pute\u021bi lua \u00een considerare setarea browserului pentru a \u0219terge datele individuale de navigare de fiecare dat\u0103 c\u00e2nd \u00eenchide\u021bi browserul. Aceasta este o variant\u0103 de a accesa site-urile care plaseaz\u0103 cookie-uri \u0219i de a \u0219terge orice informa\u021bie de vizitare la \u00eenchiderea sesiunii de navigare.<\/p>\n<\/div><\/div>\n\n<\/div><\/div>","protected":false},"excerpt":{"rendered":"<p>Politica de utilizare cookie-uri 1. Ce sunt \u201ecookie-urile\u201d? Cookie-urile sunt mici fragmente de date, fi\u0219iere text, care sunt stocate pe calculator sau pe alte dispozitive c\u00e2nd siturile web sunt \u00eenc\u0103rcate \u00eentr-un navigator. Acestea sunt folosite pe scar\u0103 mare pentru a \u201e\u021bine minte\u201d vizitatorii \u0219i preferin\u021bele lor, fie pentru o singur\u0103 vizit\u0103 (printr-un \u201ecookie de sesiune\u201d)&#8230;<\/p>","protected":false},"author":1,"featured_media":0,"parent":0,"menu_order":0,"comment_status":"closed","ping_status":"closed","template":"","meta":{"_acf_changed":false,"_kad_blocks_custom_css":"","_kad_blocks_head_custom_js":"","_kad_blocks_body_custom_js":"","_kad_blocks_footer_custom_js":"","_kad_post_transparent":"","_kad_post_title":"","_kad_post_layout":"","_kad_post_sidebar_id":"","_kad_post_content_style":"","_kad_post_vertical_padding":"","_kad_post_feature":"","_kad_post_feature_position":"","_kad_post_header":false,"_kad_post_footer":false,"footnotes":""},"class_list":["post-98","page","type-page","status-publish","hentry"],"acf":[],"taxonomy_info":[],"featured_image_src_large":false,"author_info":{"display_name":"dorin-mihaila","author_link":"https:\/\/theinnerjourneyacademy.com\/ro\/author\/dorin-mihaila\/"},"comment_info":0,"_links":{"self":[{"href":"https:\/\/theinnerjourneyacademy.com\/ro\/wp-json\/wp\/v2\/pages\/98","targetHints":{"allow":["GET"]}}],"collection":[{"href":"https:\/\/theinnerjourneyacademy.com\/ro\/wp-json\/wp\/v2\/pages"}],"about":[{"href":"https:\/\/theinnerjourneyacademy.com\/ro\/wp-json\/wp\/v2\/types\/page"}],"author":[{"embeddable":true,"href":"https:\/\/theinnerjourneyacademy.com\/ro\/wp-json\/wp\/v2\/users\/1"}],"replies":[{"embeddable":true,"href":"https:\/\/theinnerjourneyacademy.com\/ro\/wp-json\/wp\/v2\/comments?post=98"}],"version-history":[{"count":1,"href":"https:\/\/theinnerjourneyacademy.com\/ro\/wp-json\/wp\/v2\/pages\/98\/revisions"}],"predecessor-version":[{"id":99,"href":"https:\/\/theinnerjourneyacademy.com\/ro\/wp-json\/wp\/v2\/pages\/98\/revisions\/99"}],"wp:attachment":[{"href":"https:\/\/theinnerjourneyacademy.com\/ro\/wp-json\/wp\/v2\/media?parent=98"}],"curies":[{"name":"wp","href":"https:\/\/api.w.org\/{rel}","templated":true}]}}