{"id":96,"date":"2024-05-29T14:21:35","date_gmt":"2024-05-29T11:21:35","guid":{"rendered":"https:\/\/theinnerjourneyacademy.com\/?page_id=96"},"modified":"2024-05-29T14:21:35","modified_gmt":"2024-05-29T11:21:35","slug":"termeni-si-conditii","status":"publish","type":"page","link":"https:\/\/theinnerjourneyacademy.com\/ro\/termeni-si-conditii\/","title":{"rendered":"Termeni si conditii"},"content":{"rendered":"<style>.kb-row-layout-id96_71d2cd-36 > .kt-row-column-wrap{align-content:start;}:where(.kb-row-layout-id96_71d2cd-36 > .kt-row-column-wrap) > .wp-block-kadence-column{justify-content:start;}.kb-row-layout-id96_71d2cd-36 > .kt-row-column-wrap{column-gap:var(--global-kb-gap-md, 2rem);row-gap:var(--global-kb-gap-md, 2rem);max-width:var( --global-content-width, 1290px );padding-left:var(--global-content-edge-padding);padding-right:var(--global-content-edge-padding);padding-top:var(--global-kb-spacing-sm, 1.5rem);padding-bottom:var(--global-kb-spacing-sm, 1.5rem);grid-template-columns:minmax(0, 1fr);}.kb-row-layout-id96_71d2cd-36 > .kt-row-layout-overlay{opacity:0.30;}@media all and (max-width: 1024px){.kb-row-layout-id96_71d2cd-36 > .kt-row-column-wrap{grid-template-columns:minmax(0, 1fr);}}@media all and (max-width: 767px){.kb-row-layout-id96_71d2cd-36 > .kt-row-column-wrap{grid-template-columns:minmax(0, 1fr);}}<\/style><div class=\"kb-row-layout-wrap kb-row-layout-id96_71d2cd-36 alignnone wp-block-kadence-rowlayout\"><div class=\"kt-row-column-wrap kt-has-1-columns kt-row-layout-equal kt-tab-layout-inherit kt-mobile-layout-row kt-row-valign-top kb-theme-content-width\">\n<style>.kadence-column96_85e733-51 > .kt-inside-inner-col,.kadence-column96_85e733-51 > .kt-inside-inner-col:before{border-top-left-radius:0px;border-top-right-radius:0px;border-bottom-right-radius:0px;border-bottom-left-radius:0px;}.kadence-column96_85e733-51 > .kt-inside-inner-col{column-gap:var(--global-kb-gap-sm, 1rem);}.kadence-column96_85e733-51 > .kt-inside-inner-col{flex-direction:column;}.kadence-column96_85e733-51 > .kt-inside-inner-col > .aligncenter{width:100%;}.kadence-column96_85e733-51 > .kt-inside-inner-col:before{opacity:0.3;}.kadence-column96_85e733-51{position:relative;}@media all and (max-width: 1024px){.kadence-column96_85e733-51 > .kt-inside-inner-col{flex-direction:column;justify-content:center;}}@media all and (max-width: 767px){.kadence-column96_85e733-51 > .kt-inside-inner-col{flex-direction:column;justify-content:center;}}<\/style>\n<div class=\"wp-block-kadence-column kadence-column96_85e733-51\"><div class=\"kt-inside-inner-col\"><style>.wp-block-kadence-advancedheading.kt-adv-heading96_bc41ca-a8, .wp-block-kadence-advancedheading.kt-adv-heading96_bc41ca-a8[data-kb-block=\"kb-adv-heading96_bc41ca-a8\"]{font-style:normal;}.wp-block-kadence-advancedheading.kt-adv-heading96_bc41ca-a8 mark.kt-highlight, .wp-block-kadence-advancedheading.kt-adv-heading96_bc41ca-a8[data-kb-block=\"kb-adv-heading96_bc41ca-a8\"] mark.kt-highlight{font-style:normal;color:#f76a0c;-webkit-box-decoration-break:clone;box-decoration-break:clone;padding-top:0px;padding-right:0px;padding-bottom:0px;padding-left:0px;}<\/style>\n<h2 class=\"kt-adv-heading96_bc41ca-a8 wp-block-kadence-advancedheading\" data-kb-block=\"kb-adv-heading96_bc41ca-a8\">Termeni \u0219i condi\u021bii<\/h2>\n\n\n\n<p>Utilizarea acestui site de c\u0103tre dumneavoastr\u0103 este condi\u021bionat\u0103 de respectarea termenilor \u0219i condi\u021biilor generale detaliate mai jos. \u00cen cazul \u00een care alege\u021bi s\u0103 vizita\u021bi site-ul \u0219i s\u0103 accesa\u021bi serviciile puse la dispozi\u021bie prin intermediul site-ului, v\u0103 asuma\u021bi cunoa\u0219terea \u0219i acceptarea \u00een totalitate a acestor termeni \u0219i condi\u021bii.<\/p>\n\n\n\n<p>____________ este denumirea comercial\u0103 pe care o folosim iar site-ul _____________ este de\u021binut de ______________, cu sediul social \u00een ______________, \u00eenmatriculat\u0103 la Oficiul Registrului Comer\u021bului de pe l\u00e2ng\u0103 Tribunalul _______ sub nr. _____________, av\u00e2nd CUI _______________.<\/p>\n\n\n\n<ol class=\"wp-block-list\">\n<li>Ce este <strong><em><strong><em>__<\/em><\/strong><\/em><\/strong><br><strong><em><strong><em>___<\/em><\/strong><\/em><\/strong> este un site de informare \u0219i o platform\u0103 creat\u0103 pentru facilitarea accesului online al publicului larg la cursuri, produse \u0219i materiale educa\u021bionale pe diverse domenii de activitate.<br>Serviciile \u0219i produsele oferite prin intermediul site-ului sunt exclusiv cele aferente domeniilor de activitate prezentate pe prima pagin\u0103 a site-ului.<\/li>\n\n\n\n<li>Condi\u021bii pentru utilizarea site-ului<br>Pentru a accesa anumite p\u0103r\u021bi ale con\u021binutului din site, vi se poate solicita s\u0103 furniza\u021bi anumite informa\u021bii despre dumneavoastr\u0103 ca \u0219i parte din procesul de \u00eenregistrare, pentru crearea unui cont. Astfel, vi se vor putea solicita informa\u021bii precum: nume, num\u0103r de telefon, adres\u0103 de email, adres\u0103 (\u00een situa\u021bia \u00een care comanda\u021bi un bun fizic) date necesare proces\u0103rii pl\u0103\u021bilor (\u00een situa\u021bia \u00een care achizi\u021biona\u021bi produse\/servicii contra cost).<br>Contul poate fi accesat pe baz\u0103 de parol\u0103 de acces, pe care o cunoa\u0219te\u021bi doar dumneavoastr\u0103. Sunte\u021bi pe deplin responsabil pentru p\u0103strarea \u00een siguran\u021b\u0103 a parolei de acces precum \u0219i a oric\u0103rei informa\u021bii privind \u00eenregistrarea, autentificarea \u0219i contul. Un cont de utilizator asigur\u0103 accesul \u00een program \u00een favoarea unei singure persoane. Sunte\u021bi responsabil\/\u0103 s\u0103 p\u0103stra\u021bi confiden\u021bialitatea oric\u0103ror informa\u021bii de autentificare asociate cu orice cont pe care \u00eel folosi\u021bi pentru a ne accesa site-ul. \u00cen consecin\u021b\u0103, sunte\u021bi responsabil\/\u0103 pentru orice activit\u0103\u021bi care apar \u00een contul dumneavoastr\u0103.<br>Accesarea sau \u00eencercarea de a accesa oricare con\u021binutul protejat prin cont \u0219i parol\u0103 \u0219i prin orice alte mijloace dec\u00e2t cele puse la dispozi\u021bie de site, este strict interzis\u0103. Odat\u0103 cu continuarea navig\u0103rii pe acest site consim\u021bi\u021bi \u00een mod expres s\u0103 nu accesa\u021bi sau s\u0103 nu \u00eencerca\u021bi s\u0103 accesa\u021bi oricare dintre resursele noastre prin orice mijloace automate, neetice sau neconven\u021bionale.<br>Site-ul poate fi utilizat doar pentru accesare con\u021binut, cont personal, accesare servicii \u0219i produse existente pe site. Ne rezerv\u0103m dreptul de a nu permite postarea \u0219i\/sau de a \u0219terge imediat \u0219i f\u0103r\u0103 vreo notificare prealabil\u0103 orice con\u021binut de pe site care are un limbaj nepotrivit, erori grave de scriere sau care ar putea s\u0103 ne aduc\u0103 un prejudiciu de orice natur\u0103. Sunte\u021bi pe deplin responsabil pentru orice opera\u021biune \u0219i\/sau plat\u0103 efectuat\u0103 din cont prin utilizarea site-ului.<br>Orice activitate care perturb\u0103, \u00eentrerupe sau interfereaz\u0103 cu site-ul nostru, incluz\u00e2nd serverele, este strict interzis\u0103 \u0219i este pedepsit\u0103 conform legilor \u00een vigoare.<br>Nu putem garanta utilizarea continu\u0103 \u0219i ne\u00eentrerupt\u0103 a site-ului. Exist\u0103 o mic\u0103 probabilitate s\u0103 intervin\u0103 erori, defec\u021biuni atacuri cibernetice sau alte comportamente mali\u021bioase pe site sau pe servere care s\u0103 \u00eel fac\u0103 indisponibil. \u00cencerc\u0103m s\u0103 lu\u0103m toate m\u0103surile pentru a limita \u0219i pentru a \u00eenl\u0103tura poten\u021bialele evenimente nepl\u0103cute.<br>\u00cencercarea de a copia, duplica, reproduce, vinde, comercializa sau revinde con\u021binutul protejat prin utilizator \u0219i parola sau orice alt con\u021binut al site-ului este strict interzis, \u00een caz contrar ne rezerv\u0103m dreptul de a lua toate m\u0103surile legale pentru stoparea acestor activit\u0103\u021bi.<\/li>\n\n\n\n<li>Modalit\u0103\u021bi de plat\u0103<br>Plata se poate face online, cu cardul si sisteme, urm\u00e2nd pa\u0219ii de plat\u0103 \u0219i instruc\u021biunile de plat\u0103 oferite la efectu\u0103rii pl\u0103\u021bii.<br>\u00cen func\u021bie de diversele servicii sau produse pl\u0103\u021bile se mai pot efectua \u0219i prin transfer bancar sau ramburs.<br>Nu suntem responsabili pentru procesarea \u00een mod eronat a pl\u0103\u021bii. Nu suntem responsabili pentru erorile \u00eenregistrate prin intermediul sistemului de plat\u0103, inclusiv, dar f\u0103r\u0103 a se limita la pierderile pe care le-a\u021bi suferi utiliz\u00e2nd sistemul de plat\u0103 cu cardul.<br>Odat\u0103 cu alegerea serviciului sau produsului plata poate fi recurent\u0103. Sumele aferente serviciilor sau produselor pot fi debitate automat din contul Clientului sau prin inform\u0103ri trimise prin email.<\/li>\n\n\n\n<li>Dreptul de retragere<br>Dreptul la retragere din contract este valabil doar pentru bunurile fizice.<br>Clientul are dreptul s\u0103 se retrag\u0103 din Contract, respectiv s\u0103 returneze un bun fizic, \u00een termen de 14 zile calendaristice, f\u0103r\u0103 invocarea niciunui motiv \u0219i f\u0103r\u0103 a suporta alte costuri dec\u00e2t cele de livrare. Astfel, potrivit OUG nr 34\/2014, perioada de returnare a unui bun fizic expir\u0103 \u00een termen de 14 zile de la ziua \u00een care clientul intr\u0103 \u00een posesia fizic\u0103 a bunului fizic.<br>Pentru a beneficia de dreptul la retragere pentru bunurile fizice este posibil s\u0103 vi se solicite furnizarea de date necesare \u00een acest scop (cont IBAN, banc\u0103, cod swift, titular cont, alte informa\u021bii). \u00cen cazul \u00een care nu furniza\u021bi datele solicitate, este posibil s\u0103 nu v\u0103 putem returna banii.<br>Serviciile digitale care nu sunt livrate pe un suport material, sunt exceptate de la retragere iar odat\u0103 cu primirea accesului la cont, intra\u021bi \u00een posesia serviciilor digitale. Executarea acestora se consider\u0103 efectuat\u0103 iar dumneavoastr\u0103 confirma\u021bi c\u0103 lua\u021bi la cuno\u0219tin\u021b\u0103 faptul c\u0103 v\u0103 ve\u021bi pierde dreptul la retragere.<\/li>\n\n\n\n<li>Limitarea r\u0103spunderii<br>Prin achizi\u021bionare produselor, serviciilor \u0219i crearea \u0219i utilizarea Contului, v\u0103 asuma\u021bi r\u0103spunderea pentru men\u021binerea confiden\u021bialit\u0103\u021bii datelor de Cont (utilizator \u0219i parola) \u0219i pentru con\u021binutul contului.<br>Prin accesarea site-ului, utilizarea site-ului accepta\u021bi \u00een mod expres \u0219i neechivoc Termenii \u0219i condi\u021biile acestuia, comunicat\u0103 \u00een cadrul site-ului. Ulterior cre\u0103rii Contului sau a cump\u0103r\u0103rii de produse sau servicii, utilizarea con\u021binutului echivaleaz\u0103 cu acceptarea modific\u0103rilor intervenite asupra Termenilor \u0219i condi\u021biilor site-ului \u0219i\/sau a versiunilor actualizate ale Termenilor \u0219i Condi\u021biilor Site-ului. Sunte\u021bi responsabil pentru verificarea versiunii finale a Termenilor \u0219i Condi\u021biilor ori de c\u00e2te ori utiliza\u021bi site-ul.<br>Acceptarea Termenilor \u0219i condi\u021biilor site-ului se confirm\u0103 prin bifarea c\u0103su\u021bei corespunz\u0103toare din site \u0219i\/sau prin trimiterea Comenzii \u0219i\/sau prin efectuarea unei pl\u0103\u021bi.<br>Nu ne asum\u0103m r\u0103spunderea pentru nici un fel de pierdere (material\u0103, financiar\u0103, de date sau informa\u021bii) care poate sa apar\u0103 direct sau indirect din cauza informa\u021biilor incluse pe site sau a nefunc\u021bion\u0103rii sau func\u021bionarii necorespunz\u0103toare a acestui site.<br>Nu putem fi responsabili pentru daune aduse calculatorului dumneavoastr\u0103 sau viru\u0219i care ar putea s\u0103 v\u0103 infecteze calculatorul sau alt echipament ca urmare a acces\u0103rii, utiliz\u0103rii de c\u0103tre dumneavoastr\u0103 sau navig\u0103rii pe site-ul nostru sau desc\u0103rcarea de c\u0103tre dumneavoastr\u0103 a vreunui con\u021binut, informa\u021bie, materiale, date, text, imagini, video sau audio de pe site-ul nostru.<br>Nu suntem responsabili pentru orice prejudiciu, pierdere, revendicare, daune indirecte, incidente sau de consecin\u021b\u0103 de orice tip, care decurge din sau are \u00een vreun fel leg\u0103tur\u0103 cu orice utilizare a site-ului nostru sau a con\u021binutului, datelor, materialelor sau informa\u021biilor g\u0103site \u00een acesta, cu orice ne\u00eendeplinire sau \u00eent\u00e2rziere (inclusiv f\u0103r\u0103 limitare utilizarea sau incapacitatea de a utiliza orice component\u0103 a acestui site pentru achizi\u021bionare sau plat\u0103), sau executarea sau neexecutarea de c\u0103tre noi sau de c\u0103tre orice furnizor, chiar dac\u0103 noi sau furnizorul nostru am fost aviza\u021bi de posibilitatea de daune aduse acestor p\u0103r\u021bi sau oric\u0103rei alte p\u0103r\u021bi.<br>Aceast\u0103 exonerare de r\u0103spundere se aplic\u0103 oric\u0103ror daune sau prejudicii cauzate de orice lips\u0103 a performan\u021bei, eroare, omisiune, \u00eentrerupere, eliminare, defect, \u00eent\u00e2rziere \u00een operare sau transmisie, virus de calculator, defec\u021biune a liniei de comunicare, furt sau distrugere sau acces neautorizat la, modificarea, sau utilizarea \u00eenregistr\u0103rii, fie pentru \u00eenc\u0103lcarea contractului, comportament d\u0103un\u0103tor, neglijen\u021b\u0103, sau \u00een baza oric\u0103rei cauze de ac\u021biune.<\/li>\n\n\n\n<li>Reclama\u021bii<br>Orice nemul\u021bumire legat\u0103 de accesarea, utilizarea, \u00eenregistrarea pe site-ul nostru, efectuarea unei comenzi, aspecte legate de comanda efectuat\u0103, aspecte legate de \u00eenscrierea la evenimente \u0219i alte asemenea, ne va fi comunicat\u0103 direct, utiliz\u00e2nd sec\u021biunea de contact a site-ului.<br>Clientul declar\u0103 c\u0103 este de acord s\u0103 nu fac\u0103 publice aceste nemul\u021bumiri (pe re\u021belele de socializare, media, discu\u021bii la petreceri private sau \u00een orice alt\u0103 modalitate) sub rezerva suport\u0103rii daunelor cauzate pentru prejudiciul de imagine adus proprietarului site-ului prin aceste ac\u021biuni.<\/li>\n\n\n\n<li>Proprietate intelectual\u0103<br>Con\u021binutul prezentului site, inclusiv, dar f\u0103r\u0103 a se limita la logo, reprezent\u0103ri stilizate, simboluri, imagini, fotografii, con\u021binut texte \u0219i altele asemenea, precum \u0219i \u00eentreg con\u021binutul informa\u021biilor cuprinse pe site \u0219i a altor programe online comercializate prin intermediul site-ului sunt proprietatea exclusiv\u0103 a <strong><em><strong><em>_________<\/em><\/strong><\/em><\/strong>. Este nepermis\u0103 copierea, distribuirea, publicarea, modificarea, completarea, utilizarea, expunerea, includerea, legarea, transmiterea, \u00eendep\u0103rtarea \u00eensemnelor, fotografiilor, imaginilor, buc\u0103\u021bilor de text, afi\u0219area, vinderea, etc, a con\u021binutului, datelor, informa\u021biilor, fotografiilor sau altor informa\u021bii g\u0103site pe site sau pe platformele\/programele la care cump\u0103ra\u021bi accesul prin intermediul site-ului, f\u0103r\u0103 permisiunea expres\u0103 acordat\u0103 \u00een scris de c\u0103tre <strong><em><strong><em>_______<\/em><\/strong><\/em><\/strong>. Nu este permis s\u0103 transmite\u021bi \u00een favoarea unei ter\u021be persoane parola dvs. de acces la <strong><em><strong><em>_____<\/em><\/strong><\/em><\/strong>.<br>Niciun Client nu dob\u00e2nde\u0219te, prin utilizarea \u0219i accesarea site-ului vreun drept sau vreo licen\u021b\u0103 de utilizare a vreuneia dintre informa\u021biile de pe site sau vreun drept de proprietate intelectual\u0103\/ industrial\u0103 asupra produselor \u0219i\/sau serviciilor comandate de pe site. Niciun client nu are dreptul de a utiliza un dispozitiv automat sau manual pentru a monitoriza materialele disponibile pe site.<\/li>\n\n\n\n<li>Prelucrarea datelor cu caracter personal<br>Pentru detalii referitoare la prelucrarea datelor cu caracter personal, identitatea operatorului \u0219i alte asemenea, consulta\u021bi sec\u021biunea \u201ePolitica de protec\u021bie a datelor\u201d de pe site-ul nostru.<\/li>\n\n\n\n<li>Inform\u0103ri prin email (newslettere)<br>Este posibil ca \u00een urma \u00eenregistr\u0103rii cu adresa de email s\u0103 v\u0103 trimitem materiale cu con\u021binut legat de domeniul de activitate al site-ului prin email. \u00cen cazul \u00een care nu dori\u021bi s\u0103 primi\u021bi aceste inform\u0103ri \u0219i materiale v\u0103 pute\u021bi dezabona \u00een orice moment prin accesarea butonului Dezabonare din partea de jos a fiec\u0103rui Newsletter primit.<\/li>\n\n\n\n<li>Sistemul CRM si automatizare email marketing<br>Clien\u021bii care folosesc acest serviciu au obliga\u021bia s\u0103 respecte condi\u021biile de utilizare ale acestui care prev\u0103zute mai jos:<br>\u2013 se vor trimite email-uri doar c\u0103tre persoanele care s-a \u00eenscris \u00een list\u0103 prin cerere;<br>\u2013 orice email trimis trebuie s\u0103 con\u021bin\u0103 date de identificare cum ar fi logo, nume companie, adresa si link c\u0103tre politica de confiden\u021bialitate\/GDPR;<br>\u2013 expeditorul trebuie sa fie eviden\u021biat clar sub numele persoanei sau a companiei care trimite email-ul;<br>\u2013 reevaluarea contactelor cu adrese de email cu care nu au mai existat comunica\u021bii timp de 6 luni. Se consider\u0103 inactive contactele care au adrese de email cu care nu s-a mai comunicat timp de 6 luni \u0219i se recomand\u0103 eliminarea acestora din list\u0103.<\/li>\n\n\n\n<li>For\u021ba major\u0103<br>Nici una dintre p\u0103r\u021bile contractante nu r\u0103spunde de neexecutarea la termen sau\/\u0219i de executarea \u00een mod necorespunz\u0103tor \u2013 total sau par\u021bial \u2013 a oric\u0103rei obliga\u021bii care \u00eei revine \u00een baza prezentului contract, daca neexecutarea sau executarea necorespunz\u0103toare a obliga\u021biei respective a fost cauzat\u0103 de for\u021ba major\u0103, a\u0219a cum este definit\u0103 de lege, din motive independente de p\u0103r\u021bi.<br>Partea care invoc\u0103 for\u021ba major\u0103 este obligat\u0103 s\u0103 notifice celeilalte p\u0103r\u021bi, \u00een termen de 5 (cinci) zile, producerea evenimentului \u0219i s\u0103 ia toate m\u0103surile posibile \u00een vederea limit\u0103rii consecin\u021belor lui.<\/li>\n\n\n\n<li>Legea aplicabil\u0103<br>Contractul va fi guvernat \u0219i interpretat \u00een conformitate cu legea rom\u00e2n\u0103. Orice ne\u00een\u021belegere intervenit\u0103 \u00eentre proprietarul site-ului \u0219i Client \u00een leg\u0103tur\u0103 cu raporturile decurg\u00e2nd din utilizarea site-ului urmeaz\u0103 s\u0103 fie rezolvate pe cale amiabil\u0103, iar \u00een caz de e\u0219ec, s\u0103 fie supuse instan\u021belor competente material din Arad.<\/li>\n\n\n\n<li>Dispozi\u021bii finale<br>Acest site este de\u021binut de c\u0103tre <strong><em><strong><em>__<\/em><\/strong><\/em><\/strong>, care v\u0103 ofer\u0103 dreptul de a accesa \u0219i utiliza site-ul sub rezerva accept\u0103rii de c\u0103tre dumneavoastr\u0103 a acestor Termeni \u0219i condi\u021bii. Acces\u00e2nd \u0219i utiliz\u00e2nd site-ul v\u0103 oferit automat \u0219i neechivoc acordul pentru respectarea Termenilor \u0219i condi\u021biilor de pe site.<br><strong><em><strong><em>____<\/em><\/strong><\/em><\/strong> are dreptul de a modifica Termenii \u0219i condi\u021biile oric\u00e2nd, f\u0103r\u0103 o notificare prealabil\u0103, post\u00e2nd varianta actualizat\u0103 pe site. Ave\u021bi obliga\u021bia de a citi Termenii \u0219i condi\u021biile ori de c\u00e2te ori accesa\u021bi site-ul. Ave\u021bi obliga\u021bia de a respecta \u00eentocmai Termenii \u0219i condi\u021biile de pe site \u0219i nu pute\u021bi pretinde necunoa\u0219terea Termenilor \u0219i condi\u021biilor de pe site, valabili la data acces\u0103rii, utiliz\u0103rii \u0219i\/sau plas\u0103rii unei comenzi pe site.<br>Administratorul site-ului \u00ee\u0219i rezerv\u0103 dreptul de a modifica structura si interfa\u021ba oric\u0103rei pagini sau subpagini a site-ului in orice moment si la orice interval de timp liber ales, av\u00e2nd dreptul de a \u00eentrerupe temporar, par\u021bial sau \u00een totalitate serviciile puse la dispozi\u021bia clien\u021bilor prin intermediul acestui site f\u0103r\u0103 vreo notificare prealabil\u0103 individual\u0103 sau general\u0103.<br>Promo\u021biile oferite de c\u0103tre <strong><em><strong><em>____<\/em><\/strong><\/em><\/strong> sunt anun\u021bate pe site. Promo\u021biile \u00ee\u0219i \u00eencep valabilitatea \u00een momentul activ\u0103rii acestora pe site \u0219i \u00ee\u0219i \u00eenceteaz\u0103 valabilitatea din momentul inactiv\u0103rii acestora pe site. Promo\u021biile nu se cumuleaz\u0103 \u00eentre ele sau cu alte reduceri \u0219i sunt valabile numai \u00een limitele \u0219i cu respectarea condi\u021biilor de pe site.<br>Prezen\u021bii Termeni \u0219i condi\u021bii se completeaz\u0103 cu aspecte\/prevederi speciale cuprinse la descrierea produselor\/evenimentelor disponibile pe site. \u00cen cazul \u00een care intervin contradic\u021bii \u00eentre prezen\u021bii Termeni \u0219i condi\u021bii \u0219i prevederile speciale mai sus amintite, au prioritate de aplicare prevederile speciale.<\/li>\n<\/ol>\n<\/div><\/div>\n\n<\/div><\/div>","protected":false},"excerpt":{"rendered":"<p>Termeni \u0219i condi\u021bii Utilizarea acestui site de c\u0103tre dumneavoastr\u0103 este condi\u021bionat\u0103 de respectarea termenilor \u0219i condi\u021biilor generale detaliate mai jos. \u00cen cazul \u00een care alege\u021bi s\u0103 vizita\u021bi site-ul \u0219i s\u0103 accesa\u021bi serviciile puse la dispozi\u021bie prin intermediul site-ului, v\u0103 asuma\u021bi cunoa\u0219terea \u0219i acceptarea \u00een totalitate a acestor termeni \u0219i condi\u021bii. ____________ este denumirea comercial\u0103 pe&#8230;<\/p>","protected":false},"author":1,"featured_media":0,"parent":0,"menu_order":0,"comment_status":"closed","ping_status":"closed","template":"","meta":{"_acf_changed":false,"_kad_blocks_custom_css":"","_kad_blocks_head_custom_js":"","_kad_blocks_body_custom_js":"","_kad_blocks_footer_custom_js":"","_kad_post_transparent":"","_kad_post_title":"","_kad_post_layout":"","_kad_post_sidebar_id":"","_kad_post_content_style":"","_kad_post_vertical_padding":"","_kad_post_feature":"","_kad_post_feature_position":"","_kad_post_header":false,"_kad_post_footer":false,"footnotes":""},"class_list":["post-96","page","type-page","status-publish","hentry"],"acf":[],"taxonomy_info":[],"featured_image_src_large":false,"author_info":{"display_name":"dorin-mihaila","author_link":"https:\/\/theinnerjourneyacademy.com\/ro\/author\/dorin-mihaila\/"},"comment_info":0,"_links":{"self":[{"href":"https:\/\/theinnerjourneyacademy.com\/ro\/wp-json\/wp\/v2\/pages\/96","targetHints":{"allow":["GET"]}}],"collection":[{"href":"https:\/\/theinnerjourneyacademy.com\/ro\/wp-json\/wp\/v2\/pages"}],"about":[{"href":"https:\/\/theinnerjourneyacademy.com\/ro\/wp-json\/wp\/v2\/types\/page"}],"author":[{"embeddable":true,"href":"https:\/\/theinnerjourneyacademy.com\/ro\/wp-json\/wp\/v2\/users\/1"}],"replies":[{"embeddable":true,"href":"https:\/\/theinnerjourneyacademy.com\/ro\/wp-json\/wp\/v2\/comments?post=96"}],"version-history":[{"count":1,"href":"https:\/\/theinnerjourneyacademy.com\/ro\/wp-json\/wp\/v2\/pages\/96\/revisions"}],"predecessor-version":[{"id":97,"href":"https:\/\/theinnerjourneyacademy.com\/ro\/wp-json\/wp\/v2\/pages\/96\/revisions\/97"}],"wp:attachment":[{"href":"https:\/\/theinnerjourneyacademy.com\/ro\/wp-json\/wp\/v2\/media?parent=96"}],"curies":[{"name":"wp","href":"https:\/\/api.w.org\/{rel}","templated":true}]}}