{"id":3,"date":"2024-05-10T07:26:21","date_gmt":"2024-05-10T07:26:21","guid":{"rendered":"https:\/\/theinnerjourneyacademy.com\/?page_id=3"},"modified":"2024-05-29T14:13:35","modified_gmt":"2024-05-29T11:13:35","slug":"privacy-policy","status":"publish","type":"page","link":"https:\/\/theinnerjourneyacademy.com\/ro\/privacy-policy\/","title":{"rendered":"Protec\u021bia datelor cu caracter personal"},"content":{"rendered":"<style>.kb-row-layout-id3_fa1b30-a0 > .kt-row-column-wrap{align-content:start;}:where(.kb-row-layout-id3_fa1b30-a0 > .kt-row-column-wrap) > .wp-block-kadence-column{justify-content:start;}.kb-row-layout-id3_fa1b30-a0 > .kt-row-column-wrap{column-gap:var(--global-kb-gap-md, 2rem);row-gap:var(--global-kb-gap-md, 2rem);max-width:var( --global-content-width, 1290px );padding-left:var(--global-content-edge-padding);padding-right:var(--global-content-edge-padding);padding-top:var(--global-kb-spacing-sm, 1.5rem);padding-bottom:var(--global-kb-spacing-sm, 1.5rem);grid-template-columns:minmax(0, 1fr);}.kb-row-layout-id3_fa1b30-a0 > .kt-row-layout-overlay{opacity:0.30;}@media all and (max-width: 1024px){.kb-row-layout-id3_fa1b30-a0 > .kt-row-column-wrap{grid-template-columns:minmax(0, 1fr);}}@media all and (max-width: 767px){.kb-row-layout-id3_fa1b30-a0 > .kt-row-column-wrap{grid-template-columns:minmax(0, 1fr);}}<\/style><div class=\"kb-row-layout-wrap kb-row-layout-id3_fa1b30-a0 alignnone wp-block-kadence-rowlayout\"><div class=\"kt-row-column-wrap kt-has-1-columns kt-row-layout-equal kt-tab-layout-inherit kt-mobile-layout-row kt-row-valign-top kb-theme-content-width\">\n<style>.kadence-column3_1e6f52-c7 > .kt-inside-inner-col,.kadence-column3_1e6f52-c7 > .kt-inside-inner-col:before{border-top-left-radius:0px;border-top-right-radius:0px;border-bottom-right-radius:0px;border-bottom-left-radius:0px;}.kadence-column3_1e6f52-c7 > .kt-inside-inner-col{column-gap:var(--global-kb-gap-sm, 1rem);}.kadence-column3_1e6f52-c7 > .kt-inside-inner-col{flex-direction:column;}.kadence-column3_1e6f52-c7 > .kt-inside-inner-col > .aligncenter{width:100%;}.kadence-column3_1e6f52-c7 > .kt-inside-inner-col:before{opacity:0.3;}.kadence-column3_1e6f52-c7{position:relative;}@media all and (max-width: 1024px){.kadence-column3_1e6f52-c7 > .kt-inside-inner-col{flex-direction:column;justify-content:center;}}@media all and (max-width: 767px){.kadence-column3_1e6f52-c7 > .kt-inside-inner-col{flex-direction:column;justify-content:center;}}<\/style>\n<div class=\"wp-block-kadence-column kadence-column3_1e6f52-c7\"><div class=\"kt-inside-inner-col\"><style>.wp-block-kadence-advancedheading.kt-adv-heading3_73b1b0-11, .wp-block-kadence-advancedheading.kt-adv-heading3_73b1b0-11[data-kb-block=\"kb-adv-heading3_73b1b0-11\"]{font-style:normal;}.wp-block-kadence-advancedheading.kt-adv-heading3_73b1b0-11 mark.kt-highlight, .wp-block-kadence-advancedheading.kt-adv-heading3_73b1b0-11[data-kb-block=\"kb-adv-heading3_73b1b0-11\"] mark.kt-highlight{font-style:normal;color:#f76a0c;-webkit-box-decoration-break:clone;box-decoration-break:clone;padding-top:0px;padding-right:0px;padding-bottom:0px;padding-left:0px;}<\/style>\n<h2 class=\"kt-adv-heading3_73b1b0-11 wp-block-kadence-advancedheading\" data-kb-block=\"kb-adv-heading3_73b1b0-11\">Protec\u021bia datelor cu caracter personal<\/h2>\n\n\n\n<p><\/p>\n\n\n\n<p>Societatea ___________________, cu sediul social \u00een ______________________________, \u00eenmatriculat\u0103 la Oficiul Registrului Comer\u021bului de pe l\u00e2ng\u0103 Tribunalul _______________ sub nr. _____________, av\u00e2nd CUI __________, \u00een calitate de Operator de date cu caracter personal (denumit\u0103 \u00een continuare \u201eSocietatea\u201d sau \u201eOperatorul\u201d), respect\u0103 \u00eentocmai prevederile legale \u00een vigoare privind protec\u021bia persoanelor cu privire la prelucrarea datelor cu caracter personal \u0219i libera circula\u021bie a acestor date. Ne angaj\u0103m s\u0103 prelucr\u0103m datele dumneavoastr\u0103 cu caracter personal \u00een concordan\u021b\u0103 cu Regulamentul (UE) 679\/2016 (GDPR), precum \u0219i cu orice alt\u0103 legisla\u021bie aplicabil\u0103 pe teritoriul Rom\u00e2niei.<\/p>\n\n\n\n<p>Societatea este proprietar\u0103 a site-ului, platformei, astfel \u00eenc\u00e2t toate informa\u021biile cuprinse \u00een acest material au leg\u0103tur\u0103 \u0219i sunt valabile \u00een raport cu activitatea acesteia denumit\u0103 \u00een continuare site-ul.<\/p>\n\n\n\n<p>Pentru a \u00een\u021belege mai bine politica noastr\u0103 de protec\u021bie a datelor, v\u0103 invit\u0103m s\u0103 citi\u021bi acest material. Ne rezerv\u0103m dreptul de a actualiza \u0219i modifica periodic aceast\u0103 Politic\u0103 de protec\u021bie a datelor cu caracter personal (\u201ePolitica\u201d) f\u0103r\u0103 a v\u0103 cere acordul prealabil \u0219i f\u0103r\u0103 a fi supu\u0219i unei proceduri de notificare individual\u0103 ori special\u0103 a modific\u0103rilor aduse. \u00cen cazul oric\u0103rei astfel de modific\u0103ri, vom afi\u0219a pe site versiunea actualizat\u0103 a Politicii de protec\u021bie a datelor cu caracter personal, r\u0103m\u00e2n\u00e2nd \u00een sarcina dumneavoastr\u0103 s\u0103 verifica\u021bi con\u021binutul acestei Politici ori de c\u00e2te ori accesa\u021bi site-ul, pentru a v\u0103 asigura c\u0103 sunte\u021bi la curent cu ultima versiune.<\/p>\n\n\n\n<p>V\u0103 st\u0103m la dispozi\u021bie pentru informa\u021bii \u0219i pe email __________________<\/p>\n\n\n\n<p>1. Cine suntem?<\/p>\n\n\n\n<p>Calitatea de Operator de Date cu caracter personal o are Societatea _________________, cu sediul social \u00een __________________________, \u00eenmatriculat\u0103 la Oficiul Registrului Comer\u021bului de pe l\u00e2ng\u0103 Tribunalul __________ sub nr. ______________, av\u00e2nd CUI _______________.<\/p>\n\n\n\n<p>Este posibil s\u0103 transmitem datele personale pe care ni le furniza\u021bi c\u0103tre companii afiliate \u0219i\/sau c\u0103tre al\u021bi parteneri \u0219i colaboratori cu care avem stabilite raporturi contractuale \u00een vederea desf\u0103\u0219ur\u0103rii activit\u0103\u021bilor noastre \u0219i a \u00eendeplinirii obliga\u021biilor legale care ne revin. Transmiterea de date personale c\u0103tre ter\u021bi are loc \u00een baza unui angajament de confiden\u021bialitate din partea acestora \u0219i o asumare a asigur\u0103rii protec\u021biei datelor.<\/p>\n\n\n\n<p>2. Ce fel de date personale prelucr\u0103m<\/p>\n\n\n\n<p>Datele personale pe care le prelucr\u0103m sunt: nume, prenume, adres\u0103, adresa de email, num\u0103r de telefon, IP.<\/p>\n\n\n\n<p>De asemenea, v\u0103 punem la dispozi\u021bie pe site o sec\u021biune special\u0103 dedicat\u0103 oferirii de testimoniale, respectiv materiale scrise \u00eenso\u021bite sau nu de fotografia pe care o \u00eenc\u0103rca\u021bi personal pe site sau prin intermediul site-urilor de socializare afiliate sau materiale audio sau video \u00een care s\u0103 expune\u021bi experien\u021ba dumneavoastr\u0103 raportat la serviciile de pe site \u0219i care pot fi utilizate de c\u0103tre Operator \u00een scopul serviciilor de reclam\u0103, marketing \u0219i publicitate a site-ului, inclusiv prin publicare pe acest site, dar \u0219i pe alte canale de promovare.<\/p>\n\n\n\n<p>C\u00e2nd vizita\u021bi site-ul, colect\u0103m automat anumite informa\u021bii despre dispozitivul dumneavoastr\u0103, cum ar fi informa\u021bii despre browser, adresa IP, fus orar \u0219i unele cookie-uri instalate pe dispozitiv.<\/p>\n\n\n\n<p>Folosim Google Analytics pentru a ne ajuta s\u0103 \u00een\u021belegem cum utilizeaz\u0103 clien\u021bii no\u0219tri site-ul \u2013 pute\u021bi citi mai multe despre modul \u00een care Google utilizeaz\u0103 informa\u021biile dvs. personale aici: https:\/\/www.google.com\/intl\/ro\/policies\/privacy\/. De asemenea, pute\u021bi renun\u021ba la Google Analytics aici: https:\/\/tools.google.com\/dlpage\/gaoptout.<\/p>\n\n\n\n<p>V\u0103 rug\u0103m s\u0103 consulta\u021bi \u0219i sec\u021biunea privind Politica de cookie-uri afi\u0219at\u0103 pe pagina principal\u0103 a site-ului nostru<\/p>\n\n\n\n<p>Nu colect\u0103m \u0219i nu prelucr\u0103m date sensibile, definite ca atare de GDPR. Nu dorim s\u0103 colect\u0103m sau s\u0103 prelucr\u0103m date ale minorilor.<\/p>\n\n\n\n<p>3. Scopul pentru care prelucr\u0103m date personale<\/p>\n\n\n\n<p>Solicit\u0103m \u0219i prelucr\u0103m date personale pentru:<\/p>\n\n\n\n<p>\u2013 a face posibil\u0103 crearea contului dumneavoastr\u0103 pe site \u0219i func\u021bionarea site-ului<\/p>\n\n\n\n<p>asigurarea pl\u0103\u021bii sumelor aferente serviciilor oferite pe site-ul nostru<\/p>\n\n\n\n<p>\u2013 transmiterea de newslettere, invita\u021bii, materiale legate de serviciile noastre \u0219i informa\u021bii legate de evenimentele sau programele pe care le organiz\u0103m sau pe care le promov\u0103m \u2013 dac\u0103 v\u0103 oferi\u021bi consim\u021b\u0103m\u00e2ntul \u00een acest sens<\/p>\n\n\n\n<p>\u2013 oferirea de r\u0103spunsuri la reclama\u021biile plasate<\/p>\n\n\n\n<p>evaluarea serviciilor oferite pe site<\/p>\n\n\n\n<p>\u2013 monitorizarea v\u00e2nz\u0103rilor \u0219i comportamentul Clien\u021bilor, scopuri administrative, de media \u0219i altele asemenea \u2013 dac\u0103 v\u0103 oferi\u021bi consim\u021b\u0103m\u00e2ntul \u00een acest sens<\/p>\n\n\n\n<p>\u2013 comunicarea de oferte de bunuri \u0219i\/sau servicii \u2013 dac\u0103 v\u0103 oferi\u021bi consim\u021b\u0103m\u00e2ntul \u00een acest sens.<\/p>\n\n\n\n<p>4.Temeiurile prelucr\u0103rii<\/p>\n\n\n\n<p>Operatorul are dreptul de a prelucra date personale pentru scopurile prezentate mai sus:<\/p>\n\n\n\n<p>pentru c\u0103 prelucrarea datelor este necesar\u0103 pentru a face posibil\u0103 crearea contului, func\u021bionarea site-ului \u0219i accesul la serviciile oferite pe site (\u00eencheierea contractului de prest\u0103ri servicii la 2 distan\u021b\u0103), realizarea pl\u0103\u021bii costurilor aferente serviciilor prestare \u0219i oferirea de r\u0103spunsuri la reclama\u021biile plasate, dac\u0103 este cazul, pentru c\u0103 v-a\u021bi dat consim\u021b\u0103m\u00e2ntul expres \u00een acest sens prin bifarea c\u0103su\u021belor aferente<\/p>\n\n\n\n<p>\u00cen cazul \u00een care prelucrarea datelor nu este necesar\u0103 pentru \u00eencheierea \u0219i executarea raporturilor noastre juridice, nu vom prelucra date personale pentru niciunul dintre scopurile de mai sus dac\u0103 nu avem consim\u021b\u0103m\u00e2ntul dumneavoastr\u0103 \u00een acest sens.<\/p>\n\n\n\n<p>5. Durata de stocare \u0219i prelucrare a datelor personale<\/p>\n\n\n\n<p>Prelucr\u0103m \u0219i stoc\u0103m datele personale pe durata necesar\u0103 \u00eendeplinirii scopurilor pentru care datele au fost colectate \u0219i \u00een orice caz pe perioada impus\u0103 de reglement\u0103rile legale aplicabile.<\/p>\n\n\n\n<p>Actualiz\u0103m periodic baza noastr\u0103 de date astfel \u00eenc\u00e2t s\u0103 nu stoc\u0103m date care nu mai sunt necesare scopurilor pentru care au fost colectate.<\/p>\n\n\n\n<p>6. M\u0103suri de securitate a datelor<\/p>\n\n\n\n<p>Societatea asigur\u0103 m\u0103surile tehnice \u0219i juridice adecvate pentru a asigura o protec\u021bie efectiv\u0103 a datelor cu caracter personal apar\u021bin\u00e2nd persoanelor care ne furnizeaz\u0103 astfel de date.<\/p>\n\n\n\n<p>Ne angaj\u0103m s\u0103 v\u0103 p\u0103str\u0103m datele personale \u00een siguran\u021b\u0103 \u0219i lu\u0103m m\u0103surile rezonabile \u00een acest sens, inclusiv \u00eempotriva accesului neautorizat, al utiliz\u0103rii neautorizate a datelor, distrugerii, pierderii sau alter\u0103rii acestora.<\/p>\n\n\n\n<p>Ne instruim sistematic angaja\u021bii legat de importan\u021ba protej\u0103rii datelor cu caracter personal, am instituit proceduri interne \u00een acest sens \u0219i, \u00een plus, depunem toate eforturile pentru a ne asigura c\u0103 \u0219i partenerii no\u0219tri gestioneaz\u0103 m\u0103suri adecvate pentru prelucrarea datelor personale care pot ajunge la ei \u00een cadrul raporturilor noastre contractuale.<\/p>\n\n\n\n<p>De asemenea, pl\u0103\u021bile care se efectueaz\u0103 prin intermediul site-ului nostru, strict pentru achitarea serviciilor pe care noi vi le punem la dispozi\u021bie, se realizeaz\u0103 \u00een condi\u021bii de securitate, conform politicilor de securitate implementate de furnizorii acestui serviciu: euplatesc.ro (EuPlatesc)<\/p>\n\n\n\n<p>7. Transmiterea datelor c\u0103tre alte persoane<\/p>\n\n\n\n<p>Este posibil s\u0103 transmitem datele personale pe care ni le furniza\u021bi c\u0103tre companii afiliate \u0219i\/sau c\u0103tre al\u021bi parteneri \u0219i colaboratori cu care avem stabilite raporturi contractuale \u00een vederea desf\u0103\u0219ur\u0103rii activit\u0103\u021bilor noastre \u0219i a \u00eendeplinirii obliga\u021biilor legale care ne revin, cum ar fi: speciali\u0219tii care posteaz\u0103 materiale pe site, furnizorii de servicii informatice, de servicii de contabilitate, de servicii juridice, de servicii de marketing, de servicii de curierat, de servicii de internet \u0219i telefonie mobil\u0103, procesatorii de pl\u0103\u021bi care sunt autoriza\u021bi de noi s\u0103 intermedieze pl\u0103\u021bile, speciali\u0219ti \u00een domeniul de activitate \u00een care activ\u0103m, pe care \u00eei contract\u0103m pe a v\u0103 oferi o calitate c\u00e2t mai bun\u0103 a serviciilor noastre \u0219i al\u021bi asemenea furnizori.<\/p>\n\n\n\n<p>Transmiterea datelor c\u0103tre ter\u021be persoane are loc sub rezerva asum\u0103rii de c\u0103tre acestea a clauzelor de confiden\u021bialitate pe care le stabilim.<\/p>\n\n\n\n<p>De asemenea, putem transmite unele din datele personale colectate c\u0103tre autorit\u0103\u021bile sau institu\u021biile publice competente, atunci c\u00e2nd legea impune acest lucru sau c\u0103tre instan\u021bele de judecat\u0103 atunci c\u00e2nd ne ap\u0103r\u0103m \u00een justi\u021bie sau c\u00e2nd ni se cere de c\u0103tre instan\u021b\u0103 acest lucru.<\/p>\n\n\n\n<p>V\u0103 rug\u0103m s\u0103 consulta\u021bi \u0219i sec\u021biunea privind Politica de cookie-uri afi\u0219at\u0103 pe site-ul nostru.<\/p>\n\n\n\n<p>Transferul datelor cu caracter personal \u00een afara \u021b\u0103rii.<\/p>\n\n\n\n<p>\u00cen contextul opera\u021biunilor descrise mai sus, datele dumneavoastr\u0103 cu caracter personal pot fi transferate \u00een afara \u021b\u0103rii c\u0103tre state din Uniunea Europeana (\u201cUE\u201d) sau din Spatiul Economic European (\u201cSEE\u201d).<\/p>\n\n\n\n<p>Astfel, v\u0103 inform\u0103m c\u0103 orice transfer efectuat de c\u0103tre Operator c\u0103tre un stat membru UE sau SEE va respecta prevederile legale din Regulamentul General privind protec\u021bia datelor nr. 2016\/679 adoptat de Parlamentul European (\u201cGDPR\u201d).<\/p>\n\n\n\n<p>Datele cu caracter personal men\u021bionate \u00een aceast\u0103 nota de informare nu sunt transferate c\u0103tre state care nu asigur\u0103 protec\u021bie adecvat\u0103 in ceea ce prive\u0219te prelucrarea datelor cu caracter personal.<\/p>\n\n\n\n<p>8. Ce drepturi ave\u021bi \u00een leg\u0103tur\u0103 cu datele personale pe care ni le furniza\u021bi<\/p>\n\n\n\n<p>Ne angaj\u0103m s\u0103 asigur\u0103m securitatea datelor cu caracter personal prin adopta de m\u0103suri tehnice \u0219i organizatorice adecvate, conform standardelor industriei. Platforma este aliniat\u0103 la cerin\u021bele GDPR \u0219i folose\u0219te tehnologie de criptare \u0219i securizare a datelor la nivelul celor folosite de institu\u021biile bancare.<\/p>\n\n\n\n<p>V\u0103 asigur\u0103m \u0219i v\u0103 respect\u0103m drepturile stabilite prin legisla\u021bia \u00een vigoare.<\/p>\n\n\n\n<p>Dreptul la informare \u2013 pute\u021bi solicita informa\u021bii \u0219i detalii privind activit\u0103\u021bile de prelucrare a datelor personale. V\u0103 st\u0103m la dispozi\u021bie la adresa de email: _____________________. Suntem aten\u021bi la asigurarea dreptului dumneavoastr\u0103 de a primi informa\u021bii clare, transparente, u\u0219or de \u00een\u021beles \u0219i accesibile cu privire la modul \u00een care v\u0103 prelucr\u0103m datele, inclusiv detalii legate de drepturile pe care le de\u021bine\u021bi \u00een acest sens \u0219i care sunt prezentate \u0219i \u00een acest document.<\/p>\n\n\n\n<p>Dreptul la rectificare \u2013 \u00een cazul \u00een care constata\u021bi c\u0103 datele dumneavoastr\u0103 personale pe care le prelucr\u0103m sunt incorecte, incomplete, inexacte, le pute\u021bi rectifica sau le pute\u021bi completa printr-o simpl\u0103 solicitare de rectificare trimis\u0103 la adresa de email ______________________.<\/p>\n\n\n\n<p>Dreptul la \u0219tergerea datelor (\u201edreptul de a fi uitat\u201d) \u2013 pute\u021bi ob\u021bine \u0219tergerea datelor, \u00een cazul \u00een care prelucrarea acestora nu a fost legal\u0103 sau \u00een alte cazuri prev\u0103zute de lege, \u0218tergerea datelor poate avea loc \u00een oricare dintre situa\u021biile urm\u0103toare:<\/p>\n\n\n\n<p>a) nu mai avem nevoie de datele personale pentru \u00eendeplinirea vreunuia dintre scopurilor pentru care le-am prelucrat anterior;<\/p>\n\n\n\n<p>b) v\u0103 retrage\u021bi consim\u021b\u0103m\u00e2ntul pe baza c\u0103ruia v-am prelucrat anterior \u0219i nu exist\u0103 un alt temei juridic pe care ne putem baza o prelucrare viitoare;<\/p>\n\n\n\n<p>c) v\u0103 opune\u021bi prelucr\u0103rii datelor atunci c\u00e2nd prelucr\u0103m datele \u00een scop de marketing direct (inclusiv, profilarea \u00een scop de marketing direct),<\/p>\n\n\n\n<p>d) v\u0103 opune\u021bi prelucr\u0103rii datelor bazat pe interesul nostru legitim \u0219i nu putem s\u0103 demonstr\u0103m c\u0103 avem motive legitime care justific\u0103 prelucrarea \u0219i care prevaleaz\u0103 asupra intereselor, drepturilor \u0219i libert\u0103\u021bilor dumneavoastr\u0103;<\/p>\n\n\n\n<p>e) datele personale sunt prelucrate contrar legii;<\/p>\n\n\n\n<p>f) datele personale trebuie \u0219terse pentru a ne conforma obliga\u021biilor noastre legale.<\/p>\n\n\n\n<p>V\u0103 vom putea respinge solicitarea de \u0219tergere a datelor dac\u0103:<\/p>\n\n\n\n<p>a) trebuie s\u0103 ne conform\u0103m unor obliga\u021bii legale de a p\u0103stra datele;<\/p>\n\n\n\n<p>b) dac\u0103 datele ne sunt necesare pentru constatarea, exercitarea sau ap\u0103rarea drepturilor noastre \u00een justi\u021bie.<\/p>\n\n\n\n<p>Dreptul la restric\u021bionarea prelucr\u0103rii \u2013 pute\u021bi solicita restric\u021bionarea prelucr\u0103rii \u00een cazurile \u00een care:<\/p>\n\n\n\n<p>a) contesta\u021bi exactitatea datelor pe o perioad\u0103 care ne permite verificarea corectitudinii datelor;<\/p>\n\n\n\n<p>b) prelucrarea este ilegal\u0103, dar v\u0103 opune\u021bi \u0219tergerii datelor cu caracter personal, solicit\u00e2nd \u00een schimb restric\u021bionarea;<\/p>\n\n\n\n<p>c) \u00een cazul \u00een care Operatorul nu mai are nevoie de datele cu caracter personal \u00een scopul prelucr\u0103rii, dar dumneavoastr\u0103 ni le solicita\u021bi pentru constatarea, exercitarea sau ap\u0103rarea unui drept \u00een instan\u021b\u0103 sau \u00een fa\u021ba organelor de arbitraj;<\/p>\n\n\n\n<p>d) \u00een cazul \u00een care v-a\u021bi opus prelucr\u0103rii, pentru intervalul de timp \u00een care se verific\u0103 dac\u0103 drepturile noastre legitime prevaleaz\u0103 asupra drepturilor dumneavoastr\u0103.<\/p>\n\n\n\n<p>Dreptul de opozi\u021bie \u2013 v\u0103 pute\u021bi opune \u00een special, prelucr\u0103rilor de date care se \u00eentemeiaz\u0103 pe interesul nostru legitim.<\/p>\n\n\n\n<p>Dreptul la portabilitatea datelor \u2013 pute\u021bi primi, \u00een anumite condi\u021bii, datele personale pe care ni le-a\u021bi furnizat, \u00eentr-un format care poate fi citit automat sau pute\u021bi solicita ca respectivele date s\u0103 fie transmise altui operator<\/p>\n\n\n\n<p>Dreptul de a depune pl\u00e2ngere \u2013 pute\u021bi depune pl\u00e2ngere fat\u0103 de modalitatea de prelucrare a datelor personale la Autoritatea National\u0103 de Supraveghere a Prelucr\u0103rii Datelor cu Caracter Personal (ANSPDCP). Date de contact \u0219i informa\u021bii legate de ANSPDCP g\u0103si\u021bi pe site-ul http:\/\/www.dataprotection.ro\/.<\/p>\n\n\n\n<p>Dreptul de retragere a consim\u021b\u0103m\u00e2ntului \u2013 \u00een cazurile \u00een care prelucrarea se \u00eentemeiaz\u0103 pe consim\u021b\u0103m\u00e2ntul dvs., vi-l pute\u021bi retrage oric\u00e2nd. Retragerea consim\u021b\u0103m\u00e2ntului va avea efecte doar pentru viitor, prelucrarea efectuat\u0103 anterior retragerii r\u0103m\u00e2n\u00e2nd in continuare valabil\u0103.<\/p>\n\n\n\n<p>Dreptul de a nu fi supus unor decizii automate sau profilare suplimentare aferente deciziilor automate: pute\u021bi cere \u0219i ob\u021bine interven\u021bia uman\u0103 cu privire la respectiva prelucrare sau v\u0103 pute\u021bi exprima propriul punct de vedere cu privire la acest tip de prelucrare<\/p>\n\n\n\n<p>V\u0103 pute\u021bi exercita aceste drepturi, fie individual, fie cumulat, foarte u\u0219or, prin simpla transmitere a unei solicit\u0103ri pe email la adresa _________________.<\/p>\n\n\n\n<p>9. Date ale minorilor<\/p>\n\n\n\n<p>Nu dorim s\u0103 colect\u0103m sau s\u0103 prelucr\u0103m date ale minorilor care nu au \u00eemplinit v\u00e2rsta de 18 ani. V\u0103 rug\u0103m s\u0103 nu v\u0103 crea\u021bi cont pe site-ul nostru \u0219i s\u0103 ne furniza\u021bi nicio informa\u021bie \u00een cazul \u00een care nu ave\u021bi \u00eemplinit\u0103 v\u00e2rsta de 18 ani.<\/p>\n\n\n\n<p>Societatea are dreptul de a modifica Politica de protec\u021bie a datelor oric\u00e2nd, f\u0103r\u0103 o notificare prealabil\u0103, post\u00e2nd varianta actualizat\u0103 pe site. Ave\u021bi obliga\u021bia de a citi Termenii \u0219i condi\u021biile, Politica de protec\u021bie a datelor \u0219i Politica de cookie-uri ori de c\u00e2te ori accesa\u021bi site-ul.<\/p>\n<\/div><\/div>\n\n<\/div><\/div>","protected":false},"excerpt":{"rendered":"<p>Protec\u021bia datelor cu caracter personal Societatea ___________________, cu sediul social \u00een ______________________________, \u00eenmatriculat\u0103 la Oficiul Registrului Comer\u021bului de pe l\u00e2ng\u0103 Tribunalul _______________ sub nr. _____________, av\u00e2nd CUI __________, \u00een calitate de Operator de date cu caracter personal (denumit\u0103 \u00een continuare \u201eSocietatea\u201d sau \u201eOperatorul\u201d), respect\u0103 \u00eentocmai prevederile legale \u00een vigoare privind protec\u021bia persoanelor cu privire la&#8230;<\/p>","protected":false},"author":1,"featured_media":0,"parent":0,"menu_order":0,"comment_status":"closed","ping_status":"open","template":"","meta":{"_acf_changed":false,"_kad_blocks_custom_css":"","_kad_blocks_head_custom_js":"","_kad_blocks_body_custom_js":"","_kad_blocks_footer_custom_js":"","_kad_post_transparent":"","_kad_post_title":"","_kad_post_layout":"","_kad_post_sidebar_id":"","_kad_post_content_style":"","_kad_post_vertical_padding":"","_kad_post_feature":"","_kad_post_feature_position":"","_kad_post_header":false,"_kad_post_footer":false,"footnotes":""},"class_list":["post-3","page","type-page","status-publish","hentry"],"acf":[],"taxonomy_info":[],"featured_image_src_large":false,"author_info":{"display_name":"dorin-mihaila","author_link":"https:\/\/theinnerjourneyacademy.com\/ro\/author\/dorin-mihaila\/"},"comment_info":0,"_links":{"self":[{"href":"https:\/\/theinnerjourneyacademy.com\/ro\/wp-json\/wp\/v2\/pages\/3","targetHints":{"allow":["GET"]}}],"collection":[{"href":"https:\/\/theinnerjourneyacademy.com\/ro\/wp-json\/wp\/v2\/pages"}],"about":[{"href":"https:\/\/theinnerjourneyacademy.com\/ro\/wp-json\/wp\/v2\/types\/page"}],"author":[{"embeddable":true,"href":"https:\/\/theinnerjourneyacademy.com\/ro\/wp-json\/wp\/v2\/users\/1"}],"replies":[{"embeddable":true,"href":"https:\/\/theinnerjourneyacademy.com\/ro\/wp-json\/wp\/v2\/comments?post=3"}],"version-history":[{"count":3,"href":"https:\/\/theinnerjourneyacademy.com\/ro\/wp-json\/wp\/v2\/pages\/3\/revisions"}],"predecessor-version":[{"id":95,"href":"https:\/\/theinnerjourneyacademy.com\/ro\/wp-json\/wp\/v2\/pages\/3\/revisions\/95"}],"wp:attachment":[{"href":"https:\/\/theinnerjourneyacademy.com\/ro\/wp-json\/wp\/v2\/media?parent=3"}],"curies":[{"name":"wp","href":"https:\/\/api.w.org\/{rel}","templated":true}]}}